{"id":8317,"date":"2025-11-25T09:01:02","date_gmt":"2025-11-25T14:01:02","guid":{"rendered":"https:\/\/stikkipeaches.com\/?post_type=product&#038;p=8317"},"modified":"2025-11-25T09:10:41","modified_gmt":"2025-11-25T14:10:41","slug":"roberto-maximus-deniro-collage-original-encadre","status":"publish","type":"product","link":"https:\/\/stikkipeaches.com\/fr\/produit\/roberto-maximus-deniro-collage-original-encadre\/","title":{"rendered":"Roberto Maximus DeNiro &#8211; Collage Original, Encadr\u00e9"},"content":{"rendered":"\t\t<div data-elementor-type=\"product-post\" data-elementor-id=\"8317\" class=\"elementor elementor-8317 elementor-8235\" data-elementor-post-type=\"product\">\n\t\t\t\t\t\t<section class=\"elementor-section elementor-top-section elementor-element elementor-element-9017f3d elementor-section-boxed elementor-section-height-default elementor-section-height-default\" data-id=\"9017f3d\" data-element_type=\"section\" data-e-type=\"section\">\n\t\t\t\t\t\t<div class=\"elementor-container elementor-column-gap-default\">\n\t\t\t\t\t<div class=\"elementor-column elementor-col-100 elementor-top-column elementor-element elementor-element-11d8da8\" data-id=\"11d8da8\" data-element_type=\"column\" data-e-type=\"column\">\n\t\t\t<div class=\"elementor-widget-wrap elementor-element-populated\">\n\t\t\t\t\t\t<div class=\"elementor-element elementor-element-920a733 elementor-widget elementor-widget-woocommerce-product-short-description\" data-id=\"920a733\" data-element_type=\"widget\" data-e-type=\"widget\" data-widget_type=\"woocommerce-product-short-description.default\">\n\t\t\t\t<div class=\"elementor-widget-container\">\n\t\t\t\t\t<div class=\"woocommerce-product-details__short-description\">\n\t<h5 style=\"color: red;\"><strong>Vendu<\/strong><\/h5>\n<h5>*Technique mixte sur papier fait \u00e0 la main, encadr\u00e9<\/h5>\n<h5>*Sign\u00e9 par l&rsquo;artiste et livr\u00e9 avec un certificat d&rsquo;authenticit\u00e9<\/h5>\n<h5>*Mesures encadr\u00e9s: 37.25&Prime; x 26.75&Prime;<\/h5>\n<h5>*Exp\u00e9di\u00e9 emball\u00e9 dans du papier bulle, deux panneaux rigides en mousse de polystyr\u00e8ne et une bo\u00eete en carton<\/h5>\n<h5>*\u200b\u200bD\u00e9lai de livraison : Toutes les commandes sont exp\u00e9di\u00e9es dans les 10 jours ouvrables suivant l&rsquo;achat.<\/h5>\n<h5>*Politique de retour : Vente finale (aucun retour)<\/h5>\n<h5>*Note : Ces pi\u00e8ce sur papier sur prennent les caract\u00e9ristiques de l\u2019atelier de Stikki Peaches : des trous d\u2019\u00e9pingle, des empreintes de pas et de petites d\u00e9chirures peuvent \u00eatre vus car elles sont embellies \u00e0 la main et manipul\u00e9es au fil du temps.<\/h5>\n<\/div>\n\t\t\t\t<\/div>\n\t\t\t\t<\/div>\n\t\t\t\t\t<\/div>\n\t\t<\/div>\n\t\t\t\t\t<\/div>\n\t\t<\/section>\n\t\t\t\t<\/div>\n\t\t","protected":false},"excerpt":{"rendered":"<h5 style=\"color: red;\"><strong>Vendu<\/strong><\/h5>\n<h5>*Technique mixte sur papier fait \u00e0 la main, encadr\u00e9<\/h5>\n<h5>*Sign\u00e9 par l&rsquo;artiste et livr\u00e9 avec un certificat d&rsquo;authenticit\u00e9<\/h5>\n<h5>*Mesures encadr\u00e9s: 37.25&Prime; x 26.75&Prime;<\/h5>\n<h5>*Exp\u00e9di\u00e9 emball\u00e9 dans du papier bulle, deux panneaux rigides en mousse de polystyr\u00e8ne et une bo\u00eete en carton<\/h5>\n<h5>*\u200b\u200bD\u00e9lai de livraison : Toutes les commandes sont exp\u00e9di\u00e9es dans les 10 jours ouvrables suivant l&rsquo;achat.<\/h5>\n<h5>*Politique de retour : Vente finale (aucun retour)<\/h5>\n<h5>*Note : Ces pi\u00e8ce sur papier sur prennent les caract\u00e9ristiques de l\u2019atelier de Stikki Peaches : des trous d\u2019\u00e9pingle, des empreintes de pas et de petites d\u00e9chirures peuvent \u00eatre vus car elles sont embellies \u00e0 la main et manipul\u00e9es au fil du temps.<\/h5>\n","protected":false},"featured_media":8308,"comment_status":"open","ping_status":"closed","template":"","meta":{"_acf_changed":false,"_monsterinsights_skip_tracking":false,"_monsterinsights_sitenote_active":false,"_monsterinsights_sitenote_note":"","_monsterinsights_sitenote_category":0},"product_brand":[],"product_cat":[88],"product_tag":[89],"class_list":{"0":"post-8317","1":"product","2":"type-product","3":"status-publish","4":"has-post-thumbnail","6":"product_cat-prints-fr","7":"product_tag-prints-fr","9":"first","10":"outofstock","11":"sold-individually","12":"taxable","13":"shipping-taxable","14":"purchasable","15":"product-type-simple"},"acf":[],"gallery_images":[8282,8280,8284,8278],"yoast_head":"<!-- This site is optimized with the Yoast SEO plugin v27.5 - https:\/\/yoast.com\/product\/yoast-seo-wordpress\/ -->\n<title>Roberto Maximus DeNiro - Collage Original, Encadr\u00e9 - Stikki Peaches Official<\/title>\n<meta name=\"robots\" content=\"index, follow, max-snippet:-1, max-image-preview:large, max-video-preview:-1\" \/>\n<link rel=\"canonical\" href=\"https:\/\/stikkipeaches.com\/produit\/vito-corleone\/\" \/>\n<meta property=\"og:locale\" content=\"fr_FR\" \/>\n<meta property=\"og:type\" content=\"article\" \/>\n<meta property=\"og:title\" content=\"Roberto Maximus DeNiro - Collage Original, Encadr\u00e9 - Stikki Peaches Official\" \/>\n<meta property=\"og:description\" content=\"Vendu *Technique mixte sur papier fait \u00e0 la main, encadr\u00e9 *Sign\u00e9 par l&#039;artiste et livr\u00e9 avec un certificat d&#039;authenticit\u00e9 *Mesures encadr\u00e9s: 37.25&quot; x 26.75&quot; *Exp\u00e9di\u00e9 emball\u00e9 dans du papier bulle, deux panneaux rigides en mousse de polystyr\u00e8ne et une bo\u00eete en carton *\u200b\u200bD\u00e9lai de livraison : Toutes les commandes sont exp\u00e9di\u00e9es dans les 10 jours ouvrables suivant l&#039;achat. *Politique de retour : Vente finale (aucun retour) *Note : Ces pi\u00e8ce sur papier sur prennent les caract\u00e9ristiques de l\u2019atelier de Stikki Peaches : des trous d\u2019\u00e9pingle, des empreintes de pas et de petites d\u00e9chirures peuvent \u00eatre vus car elles sont embellies \u00e0 la main et manipul\u00e9es au fil du temps.\" \/>\n<meta property=\"og:url\" content=\"https:\/\/stikkipeaches.com\/produit\/vito-corleone\/\" \/>\n<meta property=\"og:site_name\" content=\"Stikki Peaches Official\" \/>\n<meta property=\"article:modified_time\" content=\"2025-11-25T14:10:41+00:00\" \/>\n<meta property=\"og:image\" content=\"https:\/\/stikkipeaches.com\/wp-content\/uploads\/2025\/04\/Vito_main-web-scaled.jpg\" \/>\n\t<meta property=\"og:image:width\" content=\"2560\" \/>\n\t<meta property=\"og:image:height\" content=\"2560\" \/>\n\t<meta property=\"og:image:type\" content=\"image\/jpeg\" \/>\n<meta name=\"twitter:card\" content=\"summary_large_image\" \/>\n<meta name=\"twitter:label1\" content=\"Dur\u00e9e de lecture estim\u00e9e\" \/>\n\t<meta name=\"twitter:data1\" content=\"1 minute\" \/>\n<script type=\"application\/ld+json\" class=\"yoast-schema-graph\">{\"@context\":\"https:\\\/\\\/schema.org\",\"@graph\":[{\"@type\":\"WebPage\",\"@id\":\"https:\\\/\\\/stikkipeaches.com\\\/produit\\\/vito-corleone\\\/\",\"url\":\"https:\\\/\\\/stikkipeaches.com\\\/produit\\\/vito-corleone\\\/\",\"name\":\"Roberto Maximus DeNiro - Collage Original, Encadr\u00e9 - Stikki Peaches Official\",\"isPartOf\":{\"@id\":\"https:\\\/\\\/stikkipeaches.com\\\/#website\"},\"primaryImageOfPage\":{\"@id\":\"https:\\\/\\\/stikkipeaches.com\\\/produit\\\/vito-corleone\\\/#primaryimage\"},\"image\":{\"@id\":\"https:\\\/\\\/stikkipeaches.com\\\/produit\\\/vito-corleone\\\/#primaryimage\"},\"thumbnailUrl\":\"https:\\\/\\\/stikkipeaches.com\\\/wp-content\\\/uploads\\\/2025\\\/04\\\/Vito_main-web-scaled.jpg\",\"datePublished\":\"2025-11-25T14:01:02+00:00\",\"dateModified\":\"2025-11-25T14:10:41+00:00\",\"breadcrumb\":{\"@id\":\"https:\\\/\\\/stikkipeaches.com\\\/produit\\\/vito-corleone\\\/#breadcrumb\"},\"inLanguage\":\"fr-FR\",\"potentialAction\":[{\"@type\":\"ReadAction\",\"target\":[\"https:\\\/\\\/stikkipeaches.com\\\/produit\\\/vito-corleone\\\/\"]}]},{\"@type\":\"ImageObject\",\"inLanguage\":\"fr-FR\",\"@id\":\"https:\\\/\\\/stikkipeaches.com\\\/produit\\\/vito-corleone\\\/#primaryimage\",\"url\":\"https:\\\/\\\/stikkipeaches.com\\\/wp-content\\\/uploads\\\/2025\\\/04\\\/Vito_main-web-scaled.jpg\",\"contentUrl\":\"https:\\\/\\\/stikkipeaches.com\\\/wp-content\\\/uploads\\\/2025\\\/04\\\/Vito_main-web-scaled.jpg\",\"width\":2560,\"height\":2560},{\"@type\":\"BreadcrumbList\",\"@id\":\"https:\\\/\\\/stikkipeaches.com\\\/produit\\\/vito-corleone\\\/#breadcrumb\",\"itemListElement\":[{\"@type\":\"ListItem\",\"position\":1,\"name\":\"Home\",\"item\":\"https:\\\/\\\/stikkipeaches.com\\\/fr\\\/\"},{\"@type\":\"ListItem\",\"position\":2,\"name\":\"Boutique\",\"item\":\"https:\\\/\\\/stikkipeaches.com\\\/fr\\\/boutique\\\/\"},{\"@type\":\"ListItem\",\"position\":3,\"name\":\"Roberto Maximus DeNiro &#8211; Collage Original, Encadr\u00e9\"}]},{\"@type\":\"WebSite\",\"@id\":\"https:\\\/\\\/stikkipeaches.com\\\/#website\",\"url\":\"https:\\\/\\\/stikkipeaches.com\\\/\",\"name\":\"Stikki Peaches Official\",\"description\":\"What If Art Ruled The World?\",\"potentialAction\":[{\"@type\":\"SearchAction\",\"target\":{\"@type\":\"EntryPoint\",\"urlTemplate\":\"https:\\\/\\\/stikkipeaches.com\\\/?s={search_term_string}\"},\"query-input\":{\"@type\":\"PropertyValueSpecification\",\"valueRequired\":true,\"valueName\":\"search_term_string\"}}],\"inLanguage\":\"fr-FR\"}]}<\/script>\n<!-- \/ Yoast SEO plugin. -->","yoast_head_json":{"title":"Roberto Maximus DeNiro - Collage Original, Encadr\u00e9 - Stikki Peaches Official","robots":{"index":"index","follow":"follow","max-snippet":"max-snippet:-1","max-image-preview":"max-image-preview:large","max-video-preview":"max-video-preview:-1"},"canonical":"https:\/\/stikkipeaches.com\/produit\/vito-corleone\/","og_locale":"fr_FR","og_type":"article","og_title":"Roberto Maximus DeNiro - Collage Original, Encadr\u00e9 - Stikki Peaches Official","og_description":"Vendu *Technique mixte sur papier fait \u00e0 la main, encadr\u00e9 *Sign\u00e9 par l'artiste et livr\u00e9 avec un certificat d'authenticit\u00e9 *Mesures encadr\u00e9s: 37.25\" x 26.75\" *Exp\u00e9di\u00e9 emball\u00e9 dans du papier bulle, deux panneaux rigides en mousse de polystyr\u00e8ne et une bo\u00eete en carton *\u200b\u200bD\u00e9lai de livraison : Toutes les commandes sont exp\u00e9di\u00e9es dans les 10 jours ouvrables suivant l'achat. *Politique de retour : Vente finale (aucun retour) *Note : Ces pi\u00e8ce sur papier sur prennent les caract\u00e9ristiques de l\u2019atelier de Stikki Peaches : des trous d\u2019\u00e9pingle, des empreintes de pas et de petites d\u00e9chirures peuvent \u00eatre vus car elles sont embellies \u00e0 la main et manipul\u00e9es au fil du temps.","og_url":"https:\/\/stikkipeaches.com\/produit\/vito-corleone\/","og_site_name":"Stikki Peaches Official","article_modified_time":"2025-11-25T14:10:41+00:00","og_image":[{"width":2560,"height":2560,"url":"https:\/\/stikkipeaches.com\/wp-content\/uploads\/2025\/04\/Vito_main-web-scaled.jpg","type":"image\/jpeg"}],"twitter_card":"summary_large_image","twitter_misc":{"Dur\u00e9e de lecture estim\u00e9e":"1 minute"},"schema":{"@context":"https:\/\/schema.org","@graph":[{"@type":"WebPage","@id":"https:\/\/stikkipeaches.com\/produit\/vito-corleone\/","url":"https:\/\/stikkipeaches.com\/produit\/vito-corleone\/","name":"Roberto Maximus DeNiro - Collage Original, Encadr\u00e9 - Stikki Peaches Official","isPartOf":{"@id":"https:\/\/stikkipeaches.com\/#website"},"primaryImageOfPage":{"@id":"https:\/\/stikkipeaches.com\/produit\/vito-corleone\/#primaryimage"},"image":{"@id":"https:\/\/stikkipeaches.com\/produit\/vito-corleone\/#primaryimage"},"thumbnailUrl":"https:\/\/stikkipeaches.com\/wp-content\/uploads\/2025\/04\/Vito_main-web-scaled.jpg","datePublished":"2025-11-25T14:01:02+00:00","dateModified":"2025-11-25T14:10:41+00:00","breadcrumb":{"@id":"https:\/\/stikkipeaches.com\/produit\/vito-corleone\/#breadcrumb"},"inLanguage":"fr-FR","potentialAction":[{"@type":"ReadAction","target":["https:\/\/stikkipeaches.com\/produit\/vito-corleone\/"]}]},{"@type":"ImageObject","inLanguage":"fr-FR","@id":"https:\/\/stikkipeaches.com\/produit\/vito-corleone\/#primaryimage","url":"https:\/\/stikkipeaches.com\/wp-content\/uploads\/2025\/04\/Vito_main-web-scaled.jpg","contentUrl":"https:\/\/stikkipeaches.com\/wp-content\/uploads\/2025\/04\/Vito_main-web-scaled.jpg","width":2560,"height":2560},{"@type":"BreadcrumbList","@id":"https:\/\/stikkipeaches.com\/produit\/vito-corleone\/#breadcrumb","itemListElement":[{"@type":"ListItem","position":1,"name":"Home","item":"https:\/\/stikkipeaches.com\/fr\/"},{"@type":"ListItem","position":2,"name":"Boutique","item":"https:\/\/stikkipeaches.com\/fr\/boutique\/"},{"@type":"ListItem","position":3,"name":"Roberto Maximus DeNiro &#8211; Collage Original, Encadr\u00e9"}]},{"@type":"WebSite","@id":"https:\/\/stikkipeaches.com\/#website","url":"https:\/\/stikkipeaches.com\/","name":"Stikki Peaches Official","description":"What If Art Ruled The World?","potentialAction":[{"@type":"SearchAction","target":{"@type":"EntryPoint","urlTemplate":"https:\/\/stikkipeaches.com\/?s={search_term_string}"},"query-input":{"@type":"PropertyValueSpecification","valueRequired":true,"valueName":"search_term_string"}}],"inLanguage":"fr-FR"}]}},"_links":{"self":[{"href":"https:\/\/stikkipeaches.com\/fr\/wp-json\/wp\/v2\/product\/8317","targetHints":{"allow":["GET"]}}],"collection":[{"href":"https:\/\/stikkipeaches.com\/fr\/wp-json\/wp\/v2\/product"}],"about":[{"href":"https:\/\/stikkipeaches.com\/fr\/wp-json\/wp\/v2\/types\/product"}],"replies":[{"embeddable":true,"href":"https:\/\/stikkipeaches.com\/fr\/wp-json\/wp\/v2\/comments?post=8317"}],"version-history":[{"count":11,"href":"https:\/\/stikkipeaches.com\/fr\/wp-json\/wp\/v2\/product\/8317\/revisions"}],"predecessor-version":[{"id":8902,"href":"https:\/\/stikkipeaches.com\/fr\/wp-json\/wp\/v2\/product\/8317\/revisions\/8902"}],"wp:featuredmedia":[{"embeddable":true,"href":"https:\/\/stikkipeaches.com\/fr\/wp-json\/wp\/v2\/media\/8308"}],"wp:attachment":[{"href":"https:\/\/stikkipeaches.com\/fr\/wp-json\/wp\/v2\/media?parent=8317"}],"wp:term":[{"taxonomy":"product_brand","embeddable":true,"href":"https:\/\/stikkipeaches.com\/fr\/wp-json\/wp\/v2\/product_brand?post=8317"},{"taxonomy":"product_cat","embeddable":true,"href":"https:\/\/stikkipeaches.com\/fr\/wp-json\/wp\/v2\/product_cat?post=8317"},{"taxonomy":"product_tag","embeddable":true,"href":"https:\/\/stikkipeaches.com\/fr\/wp-json\/wp\/v2\/product_tag?post=8317"}],"curies":[{"name":"wp","href":"https:\/\/api.w.org\/{rel}","templated":true}]}}