{"id":8537,"date":"2026-02-03T14:04:35","date_gmt":"2026-02-03T19:04:35","guid":{"rendered":"https:\/\/stikkipeaches.com\/?post_type=product&#038;p=8537"},"modified":"2026-02-03T14:03:52","modified_gmt":"2026-02-03T19:03:52","slug":"many-faces-of-moz-1","status":"publish","type":"product","link":"https:\/\/stikkipeaches.com\/fr\/produit\/many-faces-of-moz-1\/","title":{"rendered":"Many Faces of Mo&rsquo;Z, #1"},"content":{"rendered":"\t\t<div data-elementor-type=\"product-post\" data-elementor-id=\"8537\" class=\"elementor elementor-8537 elementor-8447\" data-elementor-post-type=\"product\">\n\t\t\t\t\t\t<section class=\"elementor-section elementor-top-section elementor-element elementor-element-9017f3d elementor-section-boxed elementor-section-height-default elementor-section-height-default\" data-id=\"9017f3d\" data-element_type=\"section\" data-e-type=\"section\">\n\t\t\t\t\t\t<div class=\"elementor-container elementor-column-gap-default\">\n\t\t\t\t\t<div class=\"elementor-column elementor-col-100 elementor-top-column elementor-element elementor-element-11d8da8\" data-id=\"11d8da8\" data-element_type=\"column\" data-e-type=\"column\">\n\t\t\t<div class=\"elementor-widget-wrap elementor-element-populated\">\n\t\t\t\t\t\t<div class=\"elementor-element elementor-element-920a733 elementor-widget elementor-widget-woocommerce-product-short-description\" data-id=\"920a733\" data-element_type=\"widget\" data-e-type=\"widget\" data-widget_type=\"woocommerce-product-short-description.default\">\n\t\t\t\t<div class=\"elementor-widget-container\">\n\t\t\t\t\t<div class=\"woocommerce-product-details__short-description\">\n\t<h5>*Unique<\/h5>\n<h5>*S\u00e9rigraphie, Technique mixte sur papier, encadr\u00e9<\/h5>\n<h5>*Sign\u00e9 par l&rsquo;artiste et livr\u00e9 avec un certificat d&rsquo;authenticit\u00e9<\/h5>\n<h5>*Dimensions encadr\u00e9es: 25.25&Prime; x 25.25&Prime;<\/h5>\n<h5>*Livr\u00e9 emball\u00e9s dans du papier bulle, deux feuilles de mousse isolante et bo\u00eete en carton rigide<\/h5>\n<h5>*\u200b\u200bD\u00e9lai de livraison : Toutes les commandes sont exp\u00e9di\u00e9es dans les 10 jours suivant l&rsquo;achat<\/h5>\n<h5>*Politique de retour : Vente finale (aucun retour)<\/h5>\n<h5>*Note : Ces oeuvres prennent les caract\u00e9ristiques de l\u2019atelier de Stikki Peaches : des trous d&rsquo;\u00e9pingle, des pas de chien, des empreintes de soulier et de petites d\u00e9chirures se produit durant leurs embellissements et manipulation.<\/h5>\n<\/div>\n\t\t\t\t<\/div>\n\t\t\t\t<\/div>\n\t\t\t\t\t<\/div>\n\t\t<\/div>\n\t\t\t\t\t<\/div>\n\t\t<\/section>\n\t\t\t\t<\/div>\n\t\t","protected":false},"excerpt":{"rendered":"<h5>*Unique<\/h5>\n<h5>*S\u00e9rigraphie, Technique mixte sur papier, encadr\u00e9<\/h5>\n<h5>*Sign\u00e9 par l&rsquo;artiste et livr\u00e9 avec un certificat d&rsquo;authenticit\u00e9<\/h5>\n<h5>*Dimensions encadr\u00e9es: 25.25&Prime; x 25.25&Prime;<\/h5>\n<h5>*Livr\u00e9 emball\u00e9s dans du papier bulle, deux feuilles de mousse isolante et bo\u00eete en carton rigide<\/h5>\n<h5>*\u200b\u200bD\u00e9lai de livraison : Toutes les commandes sont exp\u00e9di\u00e9es dans les 10 jours suivant l&rsquo;achat<\/h5>\n<h5>*Politique de retour : Vente finale (aucun retour)<\/h5>\n<h5>*Note : Ces oeuvres prennent les caract\u00e9ristiques de l\u2019atelier de Stikki Peaches : des trous d&rsquo;\u00e9pingle, des pas de chien, des empreintes de soulier et de petites d\u00e9chirures se produit durant leurs embellissements et manipulation.<\/h5>\n","protected":false},"featured_media":9004,"comment_status":"open","ping_status":"closed","template":"","meta":{"_acf_changed":false,"_monsterinsights_skip_tracking":false,"_monsterinsights_sitenote_active":false,"_monsterinsights_sitenote_note":"","_monsterinsights_sitenote_category":0},"product_brand":[],"product_cat":[88],"product_tag":[89],"class_list":{"0":"post-8537","1":"product","2":"type-product","3":"status-publish","4":"has-post-thumbnail","6":"product_cat-prints-fr","7":"product_tag-prints-fr","9":"first","10":"instock","11":"sold-individually","12":"taxable","13":"shipping-taxable","14":"purchasable","15":"product-type-simple"},"acf":[],"gallery_images":[8539,9009],"yoast_head":"<!-- This site is optimized with the Yoast SEO plugin v27.5 - https:\/\/yoast.com\/product\/yoast-seo-wordpress\/ -->\n<title>Many Faces of Mo&#039;Z, #1 - Stikki Peaches Official<\/title>\n<meta name=\"robots\" content=\"index, follow, max-snippet:-1, max-image-preview:large, max-video-preview:-1\" \/>\n<link rel=\"canonical\" href=\"https:\/\/stikkipeaches.com\/fr\/produit\/many-faces-of-moz-1\/\" \/>\n<meta property=\"og:locale\" content=\"fr_FR\" \/>\n<meta property=\"og:type\" content=\"article\" \/>\n<meta property=\"og:title\" content=\"Many Faces of Mo&#039;Z, #1 - Stikki Peaches Official\" \/>\n<meta property=\"og:description\" content=\"*Unique *S\u00e9rigraphie, Technique mixte sur papier, encadr\u00e9 *Sign\u00e9 par l&#039;artiste et livr\u00e9 avec un certificat d&#039;authenticit\u00e9 *Dimensions encadr\u00e9es: 25.25&quot; x 25.25&quot; *Livr\u00e9 emball\u00e9s dans du papier bulle, deux feuilles de mousse isolante et bo\u00eete en carton rigide *\u200b\u200bD\u00e9lai de livraison : Toutes les commandes sont exp\u00e9di\u00e9es dans les 10 jours suivant l&#039;achat *Politique de retour : Vente finale (aucun retour) *Note : Ces oeuvres prennent les caract\u00e9ristiques de l\u2019atelier de Stikki Peaches : des trous d&#039;\u00e9pingle, des pas de chien, des empreintes de soulier et de petites d\u00e9chirures se produit durant leurs embellissements et manipulation.\" \/>\n<meta property=\"og:url\" content=\"https:\/\/stikkipeaches.com\/fr\/produit\/many-faces-of-moz-1\/\" \/>\n<meta property=\"og:site_name\" content=\"Stikki Peaches Official\" \/>\n<meta property=\"og:image\" content=\"https:\/\/stikkipeaches.com\/wp-content\/uploads\/2025\/07\/moz1_Web-main.jpg\" \/>\n\t<meta property=\"og:image:width\" content=\"1000\" \/>\n\t<meta property=\"og:image:height\" content=\"1000\" \/>\n\t<meta property=\"og:image:type\" content=\"image\/jpeg\" \/>\n<meta name=\"twitter:card\" content=\"summary_large_image\" \/>\n<meta name=\"twitter:label1\" content=\"Dur\u00e9e de lecture estim\u00e9e\" \/>\n\t<meta name=\"twitter:data1\" content=\"1 minute\" \/>\n<script type=\"application\/ld+json\" class=\"yoast-schema-graph\">{\"@context\":\"https:\\\/\\\/schema.org\",\"@graph\":[{\"@type\":\"WebPage\",\"@id\":\"https:\\\/\\\/stikkipeaches.com\\\/fr\\\/produit\\\/many-faces-of-moz-1\\\/\",\"url\":\"https:\\\/\\\/stikkipeaches.com\\\/fr\\\/produit\\\/many-faces-of-moz-1\\\/\",\"name\":\"Many Faces of Mo'Z, #1 - Stikki Peaches Official\",\"isPartOf\":{\"@id\":\"https:\\\/\\\/stikkipeaches.com\\\/#website\"},\"primaryImageOfPage\":{\"@id\":\"https:\\\/\\\/stikkipeaches.com\\\/fr\\\/produit\\\/many-faces-of-moz-1\\\/#primaryimage\"},\"image\":{\"@id\":\"https:\\\/\\\/stikkipeaches.com\\\/fr\\\/produit\\\/many-faces-of-moz-1\\\/#primaryimage\"},\"thumbnailUrl\":\"https:\\\/\\\/stikkipeaches.com\\\/wp-content\\\/uploads\\\/2026\\\/02\\\/1-copy.jpg\",\"datePublished\":\"2026-02-03T19:04:35+00:00\",\"breadcrumb\":{\"@id\":\"https:\\\/\\\/stikkipeaches.com\\\/fr\\\/produit\\\/many-faces-of-moz-1\\\/#breadcrumb\"},\"inLanguage\":\"fr-FR\",\"potentialAction\":[{\"@type\":\"ReadAction\",\"target\":[\"https:\\\/\\\/stikkipeaches.com\\\/fr\\\/produit\\\/many-faces-of-moz-1\\\/\"]}]},{\"@type\":\"ImageObject\",\"inLanguage\":\"fr-FR\",\"@id\":\"https:\\\/\\\/stikkipeaches.com\\\/fr\\\/produit\\\/many-faces-of-moz-1\\\/#primaryimage\",\"url\":\"https:\\\/\\\/stikkipeaches.com\\\/wp-content\\\/uploads\\\/2026\\\/02\\\/1-copy.jpg\",\"contentUrl\":\"https:\\\/\\\/stikkipeaches.com\\\/wp-content\\\/uploads\\\/2026\\\/02\\\/1-copy.jpg\",\"width\":1000,\"height\":1000},{\"@type\":\"BreadcrumbList\",\"@id\":\"https:\\\/\\\/stikkipeaches.com\\\/fr\\\/produit\\\/many-faces-of-moz-1\\\/#breadcrumb\",\"itemListElement\":[{\"@type\":\"ListItem\",\"position\":1,\"name\":\"Home\",\"item\":\"https:\\\/\\\/stikkipeaches.com\\\/fr\\\/\"},{\"@type\":\"ListItem\",\"position\":2,\"name\":\"Boutique\",\"item\":\"https:\\\/\\\/stikkipeaches.com\\\/fr\\\/boutique\\\/\"},{\"@type\":\"ListItem\",\"position\":3,\"name\":\"Many Faces of Mo&#8217;Z, #1\"}]},{\"@type\":\"WebSite\",\"@id\":\"https:\\\/\\\/stikkipeaches.com\\\/#website\",\"url\":\"https:\\\/\\\/stikkipeaches.com\\\/\",\"name\":\"Stikki Peaches Official\",\"description\":\"What If Art Ruled The World?\",\"potentialAction\":[{\"@type\":\"SearchAction\",\"target\":{\"@type\":\"EntryPoint\",\"urlTemplate\":\"https:\\\/\\\/stikkipeaches.com\\\/?s={search_term_string}\"},\"query-input\":{\"@type\":\"PropertyValueSpecification\",\"valueRequired\":true,\"valueName\":\"search_term_string\"}}],\"inLanguage\":\"fr-FR\"}]}<\/script>\n<!-- \/ Yoast SEO plugin. -->","yoast_head_json":{"title":"Many Faces of Mo'Z, #1 - Stikki Peaches Official","robots":{"index":"index","follow":"follow","max-snippet":"max-snippet:-1","max-image-preview":"max-image-preview:large","max-video-preview":"max-video-preview:-1"},"canonical":"https:\/\/stikkipeaches.com\/fr\/produit\/many-faces-of-moz-1\/","og_locale":"fr_FR","og_type":"article","og_title":"Many Faces of Mo'Z, #1 - Stikki Peaches Official","og_description":"*Unique *S\u00e9rigraphie, Technique mixte sur papier, encadr\u00e9 *Sign\u00e9 par l'artiste et livr\u00e9 avec un certificat d'authenticit\u00e9 *Dimensions encadr\u00e9es: 25.25\" x 25.25\" *Livr\u00e9 emball\u00e9s dans du papier bulle, deux feuilles de mousse isolante et bo\u00eete en carton rigide *\u200b\u200bD\u00e9lai de livraison : Toutes les commandes sont exp\u00e9di\u00e9es dans les 10 jours suivant l'achat *Politique de retour : Vente finale (aucun retour) *Note : Ces oeuvres prennent les caract\u00e9ristiques de l\u2019atelier de Stikki Peaches : des trous d'\u00e9pingle, des pas de chien, des empreintes de soulier et de petites d\u00e9chirures se produit durant leurs embellissements et manipulation.","og_url":"https:\/\/stikkipeaches.com\/fr\/produit\/many-faces-of-moz-1\/","og_site_name":"Stikki Peaches Official","og_image":[{"width":1000,"height":1000,"url":"https:\/\/stikkipeaches.com\/wp-content\/uploads\/2025\/07\/moz1_Web-main.jpg","type":"image\/jpeg"}],"twitter_card":"summary_large_image","twitter_misc":{"Dur\u00e9e de lecture estim\u00e9e":"1 minute"},"schema":{"@context":"https:\/\/schema.org","@graph":[{"@type":"WebPage","@id":"https:\/\/stikkipeaches.com\/fr\/produit\/many-faces-of-moz-1\/","url":"https:\/\/stikkipeaches.com\/fr\/produit\/many-faces-of-moz-1\/","name":"Many Faces of Mo'Z, #1 - Stikki Peaches Official","isPartOf":{"@id":"https:\/\/stikkipeaches.com\/#website"},"primaryImageOfPage":{"@id":"https:\/\/stikkipeaches.com\/fr\/produit\/many-faces-of-moz-1\/#primaryimage"},"image":{"@id":"https:\/\/stikkipeaches.com\/fr\/produit\/many-faces-of-moz-1\/#primaryimage"},"thumbnailUrl":"https:\/\/stikkipeaches.com\/wp-content\/uploads\/2026\/02\/1-copy.jpg","datePublished":"2026-02-03T19:04:35+00:00","breadcrumb":{"@id":"https:\/\/stikkipeaches.com\/fr\/produit\/many-faces-of-moz-1\/#breadcrumb"},"inLanguage":"fr-FR","potentialAction":[{"@type":"ReadAction","target":["https:\/\/stikkipeaches.com\/fr\/produit\/many-faces-of-moz-1\/"]}]},{"@type":"ImageObject","inLanguage":"fr-FR","@id":"https:\/\/stikkipeaches.com\/fr\/produit\/many-faces-of-moz-1\/#primaryimage","url":"https:\/\/stikkipeaches.com\/wp-content\/uploads\/2026\/02\/1-copy.jpg","contentUrl":"https:\/\/stikkipeaches.com\/wp-content\/uploads\/2026\/02\/1-copy.jpg","width":1000,"height":1000},{"@type":"BreadcrumbList","@id":"https:\/\/stikkipeaches.com\/fr\/produit\/many-faces-of-moz-1\/#breadcrumb","itemListElement":[{"@type":"ListItem","position":1,"name":"Home","item":"https:\/\/stikkipeaches.com\/fr\/"},{"@type":"ListItem","position":2,"name":"Boutique","item":"https:\/\/stikkipeaches.com\/fr\/boutique\/"},{"@type":"ListItem","position":3,"name":"Many Faces of Mo&#8217;Z, #1"}]},{"@type":"WebSite","@id":"https:\/\/stikkipeaches.com\/#website","url":"https:\/\/stikkipeaches.com\/","name":"Stikki Peaches Official","description":"What If Art Ruled The World?","potentialAction":[{"@type":"SearchAction","target":{"@type":"EntryPoint","urlTemplate":"https:\/\/stikkipeaches.com\/?s={search_term_string}"},"query-input":{"@type":"PropertyValueSpecification","valueRequired":true,"valueName":"search_term_string"}}],"inLanguage":"fr-FR"}]}},"_links":{"self":[{"href":"https:\/\/stikkipeaches.com\/fr\/wp-json\/wp\/v2\/product\/8537","targetHints":{"allow":["GET"]}}],"collection":[{"href":"https:\/\/stikkipeaches.com\/fr\/wp-json\/wp\/v2\/product"}],"about":[{"href":"https:\/\/stikkipeaches.com\/fr\/wp-json\/wp\/v2\/types\/product"}],"replies":[{"embeddable":true,"href":"https:\/\/stikkipeaches.com\/fr\/wp-json\/wp\/v2\/comments?post=8537"}],"version-history":[{"count":1,"href":"https:\/\/stikkipeaches.com\/fr\/wp-json\/wp\/v2\/product\/8537\/revisions"}],"predecessor-version":[{"id":8540,"href":"https:\/\/stikkipeaches.com\/fr\/wp-json\/wp\/v2\/product\/8537\/revisions\/8540"}],"wp:featuredmedia":[{"embeddable":true,"href":"https:\/\/stikkipeaches.com\/fr\/wp-json\/wp\/v2\/media\/9004"}],"wp:attachment":[{"href":"https:\/\/stikkipeaches.com\/fr\/wp-json\/wp\/v2\/media?parent=8537"}],"wp:term":[{"taxonomy":"product_brand","embeddable":true,"href":"https:\/\/stikkipeaches.com\/fr\/wp-json\/wp\/v2\/product_brand?post=8537"},{"taxonomy":"product_cat","embeddable":true,"href":"https:\/\/stikkipeaches.com\/fr\/wp-json\/wp\/v2\/product_cat?post=8537"},{"taxonomy":"product_tag","embeddable":true,"href":"https:\/\/stikkipeaches.com\/fr\/wp-json\/wp\/v2\/product_tag?post=8537"}],"curies":[{"name":"wp","href":"https:\/\/api.w.org\/{rel}","templated":true}]}}