{"id":8588,"date":"2025-11-25T09:08:44","date_gmt":"2025-11-25T14:08:44","guid":{"rendered":"https:\/\/stikkipeaches.com\/?post_type=product&#038;p=8588"},"modified":"2025-11-10T14:12:56","modified_gmt":"2025-11-10T19:12:56","slug":"kobe-bryant-mamba-madness","status":"publish","type":"product","link":"https:\/\/stikkipeaches.com\/fr\/produit\/kobe-bryant-mamba-madness\/","title":{"rendered":"Kobe Bryant \u00ab\u00a0Mamba Madness\u00a0\u00bb &#8211; Collage Original"},"content":{"rendered":"\t\t<div data-elementor-type=\"product-post\" data-elementor-id=\"8588\" class=\"elementor elementor-8588 elementor-8587\" data-elementor-post-type=\"product\">\n\t\t\t\t\t\t<section class=\"elementor-section elementor-top-section elementor-element elementor-element-9017f3d elementor-section-boxed elementor-section-height-default elementor-section-height-default\" data-id=\"9017f3d\" data-element_type=\"section\" data-e-type=\"section\">\n\t\t\t\t\t\t<div class=\"elementor-container elementor-column-gap-default\">\n\t\t\t\t\t<div class=\"elementor-column elementor-col-100 elementor-top-column elementor-element elementor-element-11d8da8\" data-id=\"11d8da8\" data-element_type=\"column\" data-e-type=\"column\">\n\t\t\t<div class=\"elementor-widget-wrap elementor-element-populated\">\n\t\t\t\t\t\t<div class=\"elementor-element elementor-element-920a733 elementor-widget elementor-widget-woocommerce-product-short-description\" data-id=\"920a733\" data-element_type=\"widget\" data-e-type=\"widget\" data-widget_type=\"woocommerce-product-short-description.default\">\n\t\t\t\t<div class=\"elementor-widget-container\">\n\t\t\t\t\t<div class=\"woocommerce-product-details__short-description\">\n\t<h5>*Unique<\/h5>\n<h5>*Techniques mixtes sur affiches de rue d\u00e9chir\u00e9es, mont\u00e9 sur une planche de bois<\/h5>\n<h5>*Sign\u00e9 par l&rsquo;artiste et livr\u00e9 avec un certificat d&rsquo;authenticit\u00e9<\/h5>\n<h5>*Dimensions: 40\u2033 x 26\u2033<\/h5>\n<h5>*Livr\u00e9 emball\u00e9s dans du papier bulle, deux feuilles de mousse isolante et bo\u00eete en carton rigide. Une caisse en bois peut \u00eatre demand\u00e9e moyennant un co\u00fbt suppl\u00e9mentaire.<\/h5>\n<h5>*Politique de retour : Vente finale (aucun retour)<\/h5>\n<h5>*Nous exp\u00e9dions partout dans le monde par Postes Canada, FedEx ou DHL Express. Des frais de douane peuvent s&rsquo;appliquer pour les envois internationaux et sont \u00e0 la charge du destinataire. Veuillez consulter les r\u00e8gles et directives douani\u00e8res de votre pays. Contactez info@stikkipeaches.com pour demander un devis d&rsquo;exp\u00e9dition ou pour toute autre question.<\/h5>\n<\/div>\n\t\t\t\t<\/div>\n\t\t\t\t<\/div>\n\t\t\t\t\t<\/div>\n\t\t<\/div>\n\t\t\t\t\t<\/div>\n\t\t<\/section>\n\t\t\t\t<\/div>\n\t\t","protected":false},"excerpt":{"rendered":"<h5>*Unique<\/h5>\n<h5>*Techniques mixtes sur affiches de rue d\u00e9chir\u00e9es, mont\u00e9 sur une planche de bois<\/h5>\n<h5>*Sign\u00e9 par l&rsquo;artiste et livr\u00e9 avec un certificat d&rsquo;authenticit\u00e9<\/h5>\n<h5>*Dimensions: 40\u2033 x 26\u2033<\/h5>\n<h5>*Livr\u00e9 emball\u00e9s dans du papier bulle, deux feuilles de mousse isolante et bo\u00eete en carton rigide. Une caisse en bois peut \u00eatre demand\u00e9e moyennant un co\u00fbt suppl\u00e9mentaire.<\/h5>\n<h5>*Politique de retour : Vente finale (aucun retour)<\/h5>\n<h5>*Nous exp\u00e9dions partout dans le monde par Postes Canada, FedEx ou DHL Express. Des frais de douane peuvent s&rsquo;appliquer pour les envois internationaux et sont \u00e0 la charge du destinataire. Veuillez consulter les r\u00e8gles et directives douani\u00e8res de votre pays. Contactez info@stikkipeaches.com pour demander un devis d&rsquo;exp\u00e9dition ou pour toute autre question.<\/h5>\n","protected":false},"featured_media":8591,"comment_status":"open","ping_status":"closed","template":"","meta":{"_acf_changed":false,"_monsterinsights_skip_tracking":false,"_monsterinsights_sitenote_active":false,"_monsterinsights_sitenote_note":"","_monsterinsights_sitenote_category":0},"product_brand":[],"product_cat":[157],"product_tag":[89],"class_list":{"0":"post-8588","1":"product","2":"type-product","3":"status-publish","4":"has-post-thumbnail","6":"product_cat-canvas-fr","7":"product_tag-prints-fr","9":"first","10":"instock","11":"sold-individually","12":"taxable","13":"shipping-taxable","14":"product-type-simple"},"acf":[],"gallery_images":[8602,8624,8604],"yoast_head":"<!-- This site is optimized with the Yoast SEO plugin v27.5 - https:\/\/yoast.com\/product\/yoast-seo-wordpress\/ -->\n<title>Kobe Bryant &quot;Mamba Madness&quot; - Collage Original - Stikki Peaches Official<\/title>\n<meta name=\"robots\" content=\"index, follow, max-snippet:-1, max-image-preview:large, max-video-preview:-1\" \/>\n<link rel=\"canonical\" href=\"https:\/\/stikkipeaches.com\/fr\/produit\/kobe-bryant-mamba-madness\/\" \/>\n<meta property=\"og:locale\" content=\"fr_FR\" \/>\n<meta property=\"og:type\" content=\"article\" \/>\n<meta property=\"og:title\" content=\"Kobe Bryant &quot;Mamba Madness&quot; - Collage Original - Stikki Peaches Official\" \/>\n<meta property=\"og:description\" content=\"*Unique *Techniques mixtes sur affiches de rue d\u00e9chir\u00e9es, mont\u00e9 sur une planche de bois *Sign\u00e9 par l&#039;artiste et livr\u00e9 avec un certificat d&#039;authenticit\u00e9 *Dimensions: 40\u2033 x 26\u2033 *Livr\u00e9 emball\u00e9s dans du papier bulle, deux feuilles de mousse isolante et bo\u00eete en carton rigide. Une caisse en bois peut \u00eatre demand\u00e9e moyennant un co\u00fbt suppl\u00e9mentaire. *Politique de retour : Vente finale (aucun retour) *Nous exp\u00e9dions partout dans le monde par Postes Canada, FedEx ou DHL Express. Des frais de douane peuvent s&#039;appliquer pour les envois internationaux et sont \u00e0 la charge du destinataire. Veuillez consulter les r\u00e8gles et directives douani\u00e8res de votre pays. Contactez info@stikkipeaches.com pour demander un devis d&#039;exp\u00e9dition ou pour toute autre question.\" \/>\n<meta property=\"og:url\" content=\"https:\/\/stikkipeaches.com\/fr\/produit\/kobe-bryant-mamba-madness\/\" \/>\n<meta property=\"og:site_name\" content=\"Stikki Peaches Official\" \/>\n<meta property=\"og:image\" content=\"https:\/\/stikkipeaches.com\/wp-content\/uploads\/2025\/09\/Kobe_TLG_Stikki-Peaches.jpg\" \/>\n\t<meta property=\"og:image:width\" content=\"1000\" \/>\n\t<meta property=\"og:image:height\" content=\"1000\" \/>\n\t<meta property=\"og:image:type\" content=\"image\/jpeg\" \/>\n<meta name=\"twitter:card\" content=\"summary_large_image\" \/>\n<meta name=\"twitter:label1\" content=\"Dur\u00e9e de lecture estim\u00e9e\" \/>\n\t<meta name=\"twitter:data1\" content=\"1 minute\" \/>\n<script type=\"application\/ld+json\" class=\"yoast-schema-graph\">{\"@context\":\"https:\\\/\\\/schema.org\",\"@graph\":[{\"@type\":\"WebPage\",\"@id\":\"https:\\\/\\\/stikkipeaches.com\\\/fr\\\/produit\\\/kobe-bryant-mamba-madness\\\/\",\"url\":\"https:\\\/\\\/stikkipeaches.com\\\/fr\\\/produit\\\/kobe-bryant-mamba-madness\\\/\",\"name\":\"Kobe Bryant \\\"Mamba Madness\\\" - Collage Original - Stikki Peaches Official\",\"isPartOf\":{\"@id\":\"https:\\\/\\\/stikkipeaches.com\\\/#website\"},\"primaryImageOfPage\":{\"@id\":\"https:\\\/\\\/stikkipeaches.com\\\/fr\\\/produit\\\/kobe-bryant-mamba-madness\\\/#primaryimage\"},\"image\":{\"@id\":\"https:\\\/\\\/stikkipeaches.com\\\/fr\\\/produit\\\/kobe-bryant-mamba-madness\\\/#primaryimage\"},\"thumbnailUrl\":\"https:\\\/\\\/stikkipeaches.com\\\/wp-content\\\/uploads\\\/2025\\\/09\\\/Kobe_TLG_Stikki-Peaches.jpg\",\"datePublished\":\"2025-11-25T14:08:44+00:00\",\"breadcrumb\":{\"@id\":\"https:\\\/\\\/stikkipeaches.com\\\/fr\\\/produit\\\/kobe-bryant-mamba-madness\\\/#breadcrumb\"},\"inLanguage\":\"fr-FR\",\"potentialAction\":[{\"@type\":\"ReadAction\",\"target\":[\"https:\\\/\\\/stikkipeaches.com\\\/fr\\\/produit\\\/kobe-bryant-mamba-madness\\\/\"]}]},{\"@type\":\"ImageObject\",\"inLanguage\":\"fr-FR\",\"@id\":\"https:\\\/\\\/stikkipeaches.com\\\/fr\\\/produit\\\/kobe-bryant-mamba-madness\\\/#primaryimage\",\"url\":\"https:\\\/\\\/stikkipeaches.com\\\/wp-content\\\/uploads\\\/2025\\\/09\\\/Kobe_TLG_Stikki-Peaches.jpg\",\"contentUrl\":\"https:\\\/\\\/stikkipeaches.com\\\/wp-content\\\/uploads\\\/2025\\\/09\\\/Kobe_TLG_Stikki-Peaches.jpg\",\"width\":1000,\"height\":1000},{\"@type\":\"BreadcrumbList\",\"@id\":\"https:\\\/\\\/stikkipeaches.com\\\/fr\\\/produit\\\/kobe-bryant-mamba-madness\\\/#breadcrumb\",\"itemListElement\":[{\"@type\":\"ListItem\",\"position\":1,\"name\":\"Home\",\"item\":\"https:\\\/\\\/stikkipeaches.com\\\/fr\\\/\"},{\"@type\":\"ListItem\",\"position\":2,\"name\":\"Boutique\",\"item\":\"https:\\\/\\\/stikkipeaches.com\\\/fr\\\/boutique\\\/\"},{\"@type\":\"ListItem\",\"position\":3,\"name\":\"Kobe Bryant &#8220;Mamba Madness&#8221; &#8211; Collage Original\"}]},{\"@type\":\"WebSite\",\"@id\":\"https:\\\/\\\/stikkipeaches.com\\\/#website\",\"url\":\"https:\\\/\\\/stikkipeaches.com\\\/\",\"name\":\"Stikki Peaches Official\",\"description\":\"What If Art Ruled The World?\",\"potentialAction\":[{\"@type\":\"SearchAction\",\"target\":{\"@type\":\"EntryPoint\",\"urlTemplate\":\"https:\\\/\\\/stikkipeaches.com\\\/?s={search_term_string}\"},\"query-input\":{\"@type\":\"PropertyValueSpecification\",\"valueRequired\":true,\"valueName\":\"search_term_string\"}}],\"inLanguage\":\"fr-FR\"}]}<\/script>\n<!-- \/ Yoast SEO plugin. -->","yoast_head_json":{"title":"Kobe Bryant \"Mamba Madness\" - Collage Original - Stikki Peaches Official","robots":{"index":"index","follow":"follow","max-snippet":"max-snippet:-1","max-image-preview":"max-image-preview:large","max-video-preview":"max-video-preview:-1"},"canonical":"https:\/\/stikkipeaches.com\/fr\/produit\/kobe-bryant-mamba-madness\/","og_locale":"fr_FR","og_type":"article","og_title":"Kobe Bryant \"Mamba Madness\" - Collage Original - Stikki Peaches Official","og_description":"*Unique *Techniques mixtes sur affiches de rue d\u00e9chir\u00e9es, mont\u00e9 sur une planche de bois *Sign\u00e9 par l'artiste et livr\u00e9 avec un certificat d'authenticit\u00e9 *Dimensions: 40\u2033 x 26\u2033 *Livr\u00e9 emball\u00e9s dans du papier bulle, deux feuilles de mousse isolante et bo\u00eete en carton rigide. Une caisse en bois peut \u00eatre demand\u00e9e moyennant un co\u00fbt suppl\u00e9mentaire. *Politique de retour : Vente finale (aucun retour) *Nous exp\u00e9dions partout dans le monde par Postes Canada, FedEx ou DHL Express. Des frais de douane peuvent s'appliquer pour les envois internationaux et sont \u00e0 la charge du destinataire. Veuillez consulter les r\u00e8gles et directives douani\u00e8res de votre pays. Contactez info@stikkipeaches.com pour demander un devis d'exp\u00e9dition ou pour toute autre question.","og_url":"https:\/\/stikkipeaches.com\/fr\/produit\/kobe-bryant-mamba-madness\/","og_site_name":"Stikki Peaches Official","og_image":[{"width":1000,"height":1000,"url":"https:\/\/stikkipeaches.com\/wp-content\/uploads\/2025\/09\/Kobe_TLG_Stikki-Peaches.jpg","type":"image\/jpeg"}],"twitter_card":"summary_large_image","twitter_misc":{"Dur\u00e9e de lecture estim\u00e9e":"1 minute"},"schema":{"@context":"https:\/\/schema.org","@graph":[{"@type":"WebPage","@id":"https:\/\/stikkipeaches.com\/fr\/produit\/kobe-bryant-mamba-madness\/","url":"https:\/\/stikkipeaches.com\/fr\/produit\/kobe-bryant-mamba-madness\/","name":"Kobe Bryant \"Mamba Madness\" - Collage Original - Stikki Peaches Official","isPartOf":{"@id":"https:\/\/stikkipeaches.com\/#website"},"primaryImageOfPage":{"@id":"https:\/\/stikkipeaches.com\/fr\/produit\/kobe-bryant-mamba-madness\/#primaryimage"},"image":{"@id":"https:\/\/stikkipeaches.com\/fr\/produit\/kobe-bryant-mamba-madness\/#primaryimage"},"thumbnailUrl":"https:\/\/stikkipeaches.com\/wp-content\/uploads\/2025\/09\/Kobe_TLG_Stikki-Peaches.jpg","datePublished":"2025-11-25T14:08:44+00:00","breadcrumb":{"@id":"https:\/\/stikkipeaches.com\/fr\/produit\/kobe-bryant-mamba-madness\/#breadcrumb"},"inLanguage":"fr-FR","potentialAction":[{"@type":"ReadAction","target":["https:\/\/stikkipeaches.com\/fr\/produit\/kobe-bryant-mamba-madness\/"]}]},{"@type":"ImageObject","inLanguage":"fr-FR","@id":"https:\/\/stikkipeaches.com\/fr\/produit\/kobe-bryant-mamba-madness\/#primaryimage","url":"https:\/\/stikkipeaches.com\/wp-content\/uploads\/2025\/09\/Kobe_TLG_Stikki-Peaches.jpg","contentUrl":"https:\/\/stikkipeaches.com\/wp-content\/uploads\/2025\/09\/Kobe_TLG_Stikki-Peaches.jpg","width":1000,"height":1000},{"@type":"BreadcrumbList","@id":"https:\/\/stikkipeaches.com\/fr\/produit\/kobe-bryant-mamba-madness\/#breadcrumb","itemListElement":[{"@type":"ListItem","position":1,"name":"Home","item":"https:\/\/stikkipeaches.com\/fr\/"},{"@type":"ListItem","position":2,"name":"Boutique","item":"https:\/\/stikkipeaches.com\/fr\/boutique\/"},{"@type":"ListItem","position":3,"name":"Kobe Bryant &#8220;Mamba Madness&#8221; &#8211; Collage Original"}]},{"@type":"WebSite","@id":"https:\/\/stikkipeaches.com\/#website","url":"https:\/\/stikkipeaches.com\/","name":"Stikki Peaches Official","description":"What If Art Ruled The World?","potentialAction":[{"@type":"SearchAction","target":{"@type":"EntryPoint","urlTemplate":"https:\/\/stikkipeaches.com\/?s={search_term_string}"},"query-input":{"@type":"PropertyValueSpecification","valueRequired":true,"valueName":"search_term_string"}}],"inLanguage":"fr-FR"}]}},"_links":{"self":[{"href":"https:\/\/stikkipeaches.com\/fr\/wp-json\/wp\/v2\/product\/8588","targetHints":{"allow":["GET"]}}],"collection":[{"href":"https:\/\/stikkipeaches.com\/fr\/wp-json\/wp\/v2\/product"}],"about":[{"href":"https:\/\/stikkipeaches.com\/fr\/wp-json\/wp\/v2\/types\/product"}],"replies":[{"embeddable":true,"href":"https:\/\/stikkipeaches.com\/fr\/wp-json\/wp\/v2\/comments?post=8588"}],"version-history":[{"count":7,"href":"https:\/\/stikkipeaches.com\/fr\/wp-json\/wp\/v2\/product\/8588\/revisions"}],"predecessor-version":[{"id":8641,"href":"https:\/\/stikkipeaches.com\/fr\/wp-json\/wp\/v2\/product\/8588\/revisions\/8641"}],"wp:featuredmedia":[{"embeddable":true,"href":"https:\/\/stikkipeaches.com\/fr\/wp-json\/wp\/v2\/media\/8591"}],"wp:attachment":[{"href":"https:\/\/stikkipeaches.com\/fr\/wp-json\/wp\/v2\/media?parent=8588"}],"wp:term":[{"taxonomy":"product_brand","embeddable":true,"href":"https:\/\/stikkipeaches.com\/fr\/wp-json\/wp\/v2\/product_brand?post=8588"},{"taxonomy":"product_cat","embeddable":true,"href":"https:\/\/stikkipeaches.com\/fr\/wp-json\/wp\/v2\/product_cat?post=8588"},{"taxonomy":"product_tag","embeddable":true,"href":"https:\/\/stikkipeaches.com\/fr\/wp-json\/wp\/v2\/product_tag?post=8588"}],"curies":[{"name":"wp","href":"https:\/\/api.w.org\/{rel}","templated":true}]}}