{"id":9048,"date":"2026-05-04T12:31:10","date_gmt":"2026-05-04T16:31:10","guid":{"rendered":"https:\/\/stikkipeaches.com\/?post_type=product&#038;p=9048"},"modified":"2026-05-04T12:31:10","modified_gmt":"2026-05-04T16:31:10","slug":"fugetaboutit-starwars-gq1","status":"publish","type":"product","link":"https:\/\/stikkipeaches.com\/fr\/produit\/fugetaboutit-starwars-gq1\/","title":{"rendered":"Fugetaboutit StarWars GQ &#8211; Ed. 1\/4"},"content":{"rendered":"\t\t<div data-elementor-type=\"product-post\" data-elementor-id=\"9048\" class=\"elementor elementor-9048 elementor-9047\" data-elementor-post-type=\"product\">\n\t\t\t\t\t\t<section class=\"elementor-section elementor-top-section elementor-element elementor-element-9017f3d elementor-section-boxed elementor-section-height-default elementor-section-height-default\" data-id=\"9017f3d\" data-element_type=\"section\" data-e-type=\"section\">\n\t\t\t\t\t\t<div class=\"elementor-container elementor-column-gap-default\">\n\t\t\t\t\t<div class=\"elementor-column elementor-col-100 elementor-top-column elementor-element elementor-element-11d8da8\" data-id=\"11d8da8\" data-element_type=\"column\" data-e-type=\"column\">\n\t\t\t<div class=\"elementor-widget-wrap elementor-element-populated\">\n\t\t\t\t\t\t<div class=\"elementor-element elementor-element-920a733 elementor-widget elementor-widget-woocommerce-product-short-description\" data-id=\"920a733\" data-element_type=\"widget\" data-e-type=\"widget\" data-widget_type=\"woocommerce-product-short-description.default\">\n\t\t\t\t<div class=\"elementor-widget-container\">\n\t\t\t\t\t<div class=\"woocommerce-product-details__short-description\">\n\t<h5 dir=\"ltr\"><span class=\"x_ContentPasted0\">*Technique mixte sur papier<\/span><\/h5>\n<h5 dir=\"ltr\"><span class=\"x_ContentPasted0\">*48\u2033 x 36\u2033\u00a0<\/span><\/h5>\n<h5 dir=\"ltr\"><span class=\"x_ContentPasted0\">*Sign\u00e9 par l\u2019artiste et livr\u00e9 avec un certificat d\u2019authenticit\u00e9<\/span><\/h5>\n<h5 dir=\"ltr\"><span class=\"x_ContentPasted0\">*Vendu sans l\u2019encadrement<\/span><\/h5>\n<h5 dir=\"ltr\"><span class=\"x_ContentPasted0\">*Le produit est exp\u00e9di\u00e9 roul\u00e9 dans un tube via Fedex, DHL ou <\/span><span class=\"x_ContentPasted0\">Poste Canada<\/span><\/h5>\n<h5 dir=\"ltr\"><span class=\"x_ContentPasted0\">*\u200b\u200bD\u00e9lai de livraison : Toutes les commandes sont exp\u00e9di\u00e9es 5-10 jour ouvrable suivant l\u2019achat<\/span><\/h5>\n<h5 dir=\"ltr\"><span class=\"x_ContentPasted0\">*Politique de retour : vente finale (aucun retour)<\/span><\/h5>\n<h5>*Note : Ces impressions prennent les caract\u00e9ristiques de l\u2019atelier de Stikki Peaches : des trous d&rsquo;\u00e9pingle, des pas de chien, des empreintes de soulier et de petites d\u00e9chirures se produit durant leurs embellissements et manipulation au fil du temps.<\/h5>\n<\/div>\n\t\t\t\t<\/div>\n\t\t\t\t<\/div>\n\t\t\t\t\t<\/div>\n\t\t<\/div>\n\t\t\t\t\t<\/div>\n\t\t<\/section>\n\t\t\t\t<\/div>\n\t\t","protected":false},"excerpt":{"rendered":"<h5 dir=\"ltr\"><span class=\"x_ContentPasted0\">*Technique mixte sur papier<\/span><\/h5>\n<h5 dir=\"ltr\"><span class=\"x_ContentPasted0\">*48\u2033 x 36\u2033\u00a0<\/span><\/h5>\n<h5 dir=\"ltr\"><span class=\"x_ContentPasted0\">*Sign\u00e9 par l\u2019artiste et livr\u00e9 avec un certificat d\u2019authenticit\u00e9<\/span><\/h5>\n<h5 dir=\"ltr\"><span class=\"x_ContentPasted0\">*Vendu sans l\u2019encadrement<\/span><\/h5>\n<h5 dir=\"ltr\"><span class=\"x_ContentPasted0\">*Le produit est exp\u00e9di\u00e9 roul\u00e9 dans un tube via Fedex, DHL ou <\/span><span class=\"x_ContentPasted0\">Poste Canada<\/span><\/h5>\n<h5 dir=\"ltr\"><span class=\"x_ContentPasted0\">*\u200b\u200bD\u00e9lai de livraison : Toutes les commandes sont exp\u00e9di\u00e9es 5-10 jour ouvrable suivant l\u2019achat<\/span><\/h5>\n<h5 dir=\"ltr\"><span class=\"x_ContentPasted0\">*Politique de retour : vente finale (aucun retour)<\/span><\/h5>\n<h5>*Note : Ces impressions prennent les caract\u00e9ristiques de l\u2019atelier de Stikki Peaches : des trous d&rsquo;\u00e9pingle, des pas de chien, des empreintes de soulier et de petites d\u00e9chirures se produit durant leurs embellissements et manipulation au fil du temps.<\/h5>\n","protected":false},"featured_media":9095,"comment_status":"open","ping_status":"closed","template":"","meta":{"_acf_changed":false,"_monsterinsights_skip_tracking":false,"_monsterinsights_sitenote_active":false,"_monsterinsights_sitenote_note":"","_monsterinsights_sitenote_category":0},"product_brand":[],"product_cat":[88],"product_tag":[89],"class_list":{"0":"post-9048","1":"product","2":"type-product","3":"status-publish","4":"has-post-thumbnail","6":"product_cat-prints-fr","7":"product_tag-prints-fr","9":"first","10":"outofstock","11":"sold-individually","12":"taxable","13":"shipping-taxable","14":"purchasable","15":"product-type-simple"},"acf":[],"gallery_images":[9108,9106,9104],"yoast_head":"<!-- This site is optimized with the Yoast SEO plugin v27.5 - https:\/\/yoast.com\/product\/yoast-seo-wordpress\/ -->\n<title>Fugetaboutit StarWars GQ - Ed. 1\/4 - Stikki Peaches Official<\/title>\n<meta name=\"robots\" content=\"index, follow, max-snippet:-1, max-image-preview:large, max-video-preview:-1\" \/>\n<link rel=\"canonical\" href=\"https:\/\/stikkipeaches.com\/fr\/produit\/fugetaboutit-starwars-gq1\/\" \/>\n<meta property=\"og:locale\" content=\"fr_FR\" \/>\n<meta property=\"og:type\" content=\"article\" \/>\n<meta property=\"og:title\" content=\"Fugetaboutit StarWars GQ - Ed. 1\/4 - Stikki Peaches Official\" \/>\n<meta property=\"og:description\" content=\"*Technique mixte sur papier *48\u2033 x 36\u2033\u00a0 *Sign\u00e9 par l\u2019artiste et livr\u00e9 avec un certificat d\u2019authenticit\u00e9 *Vendu sans l\u2019encadrement *Le produit est exp\u00e9di\u00e9 roul\u00e9 dans un tube via Fedex, DHL ou Poste Canada *\u200b\u200bD\u00e9lai de livraison : Toutes les commandes sont exp\u00e9di\u00e9es 5-10 jour ouvrable suivant l\u2019achat *Politique de retour : vente finale (aucun retour) *Note : Ces impressions prennent les caract\u00e9ristiques de l\u2019atelier de Stikki Peaches : des trous d&#039;\u00e9pingle, des pas de chien, des empreintes de soulier et de petites d\u00e9chirures se produit durant leurs embellissements et manipulation au fil du temps.\" \/>\n<meta property=\"og:url\" content=\"https:\/\/stikkipeaches.com\/fr\/produit\/fugetaboutit-starwars-gq1\/\" \/>\n<meta property=\"og:site_name\" content=\"Stikki Peaches Official\" \/>\n<meta property=\"og:image\" content=\"https:\/\/stikkipeaches.com\/wp-content\/uploads\/2026\/04\/Trooper1_Main.jpg\" \/>\n\t<meta property=\"og:image:width\" content=\"1000\" \/>\n\t<meta property=\"og:image:height\" content=\"1000\" \/>\n\t<meta property=\"og:image:type\" content=\"image\/jpeg\" \/>\n<meta name=\"twitter:card\" content=\"summary_large_image\" \/>\n<meta name=\"twitter:label1\" content=\"Dur\u00e9e de lecture estim\u00e9e\" \/>\n\t<meta name=\"twitter:data1\" content=\"1 minute\" \/>\n<script type=\"application\/ld+json\" class=\"yoast-schema-graph\">{\"@context\":\"https:\\\/\\\/schema.org\",\"@graph\":[{\"@type\":\"WebPage\",\"@id\":\"https:\\\/\\\/stikkipeaches.com\\\/fr\\\/produit\\\/fugetaboutit-starwars-gq1\\\/\",\"url\":\"https:\\\/\\\/stikkipeaches.com\\\/fr\\\/produit\\\/fugetaboutit-starwars-gq1\\\/\",\"name\":\"Fugetaboutit StarWars GQ - Ed. 1\\\/4 - Stikki Peaches Official\",\"isPartOf\":{\"@id\":\"https:\\\/\\\/stikkipeaches.com\\\/#website\"},\"primaryImageOfPage\":{\"@id\":\"https:\\\/\\\/stikkipeaches.com\\\/fr\\\/produit\\\/fugetaboutit-starwars-gq1\\\/#primaryimage\"},\"image\":{\"@id\":\"https:\\\/\\\/stikkipeaches.com\\\/fr\\\/produit\\\/fugetaboutit-starwars-gq1\\\/#primaryimage\"},\"thumbnailUrl\":\"https:\\\/\\\/stikkipeaches.com\\\/wp-content\\\/uploads\\\/2026\\\/04\\\/Trooper1_Main.jpg\",\"datePublished\":\"2026-05-04T16:31:10+00:00\",\"breadcrumb\":{\"@id\":\"https:\\\/\\\/stikkipeaches.com\\\/fr\\\/produit\\\/fugetaboutit-starwars-gq1\\\/#breadcrumb\"},\"inLanguage\":\"fr-FR\",\"potentialAction\":[{\"@type\":\"ReadAction\",\"target\":[\"https:\\\/\\\/stikkipeaches.com\\\/fr\\\/produit\\\/fugetaboutit-starwars-gq1\\\/\"]}]},{\"@type\":\"ImageObject\",\"inLanguage\":\"fr-FR\",\"@id\":\"https:\\\/\\\/stikkipeaches.com\\\/fr\\\/produit\\\/fugetaboutit-starwars-gq1\\\/#primaryimage\",\"url\":\"https:\\\/\\\/stikkipeaches.com\\\/wp-content\\\/uploads\\\/2026\\\/04\\\/Trooper1_Main.jpg\",\"contentUrl\":\"https:\\\/\\\/stikkipeaches.com\\\/wp-content\\\/uploads\\\/2026\\\/04\\\/Trooper1_Main.jpg\",\"width\":1000,\"height\":1000},{\"@type\":\"BreadcrumbList\",\"@id\":\"https:\\\/\\\/stikkipeaches.com\\\/fr\\\/produit\\\/fugetaboutit-starwars-gq1\\\/#breadcrumb\",\"itemListElement\":[{\"@type\":\"ListItem\",\"position\":1,\"name\":\"Home\",\"item\":\"https:\\\/\\\/stikkipeaches.com\\\/fr\\\/\"},{\"@type\":\"ListItem\",\"position\":2,\"name\":\"Boutique\",\"item\":\"https:\\\/\\\/stikkipeaches.com\\\/fr\\\/boutique\\\/\"},{\"@type\":\"ListItem\",\"position\":3,\"name\":\"Fugetaboutit StarWars GQ &#8211; Ed. 1\\\/4\"}]},{\"@type\":\"WebSite\",\"@id\":\"https:\\\/\\\/stikkipeaches.com\\\/#website\",\"url\":\"https:\\\/\\\/stikkipeaches.com\\\/\",\"name\":\"Stikki Peaches Official\",\"description\":\"What If Art Ruled The World?\",\"potentialAction\":[{\"@type\":\"SearchAction\",\"target\":{\"@type\":\"EntryPoint\",\"urlTemplate\":\"https:\\\/\\\/stikkipeaches.com\\\/?s={search_term_string}\"},\"query-input\":{\"@type\":\"PropertyValueSpecification\",\"valueRequired\":true,\"valueName\":\"search_term_string\"}}],\"inLanguage\":\"fr-FR\"}]}<\/script>\n<!-- \/ Yoast SEO plugin. -->","yoast_head_json":{"title":"Fugetaboutit StarWars GQ - Ed. 1\/4 - Stikki Peaches Official","robots":{"index":"index","follow":"follow","max-snippet":"max-snippet:-1","max-image-preview":"max-image-preview:large","max-video-preview":"max-video-preview:-1"},"canonical":"https:\/\/stikkipeaches.com\/fr\/produit\/fugetaboutit-starwars-gq1\/","og_locale":"fr_FR","og_type":"article","og_title":"Fugetaboutit StarWars GQ - Ed. 1\/4 - Stikki Peaches Official","og_description":"*Technique mixte sur papier *48\u2033 x 36\u2033\u00a0 *Sign\u00e9 par l\u2019artiste et livr\u00e9 avec un certificat d\u2019authenticit\u00e9 *Vendu sans l\u2019encadrement *Le produit est exp\u00e9di\u00e9 roul\u00e9 dans un tube via Fedex, DHL ou Poste Canada *\u200b\u200bD\u00e9lai de livraison : Toutes les commandes sont exp\u00e9di\u00e9es 5-10 jour ouvrable suivant l\u2019achat *Politique de retour : vente finale (aucun retour) *Note : Ces impressions prennent les caract\u00e9ristiques de l\u2019atelier de Stikki Peaches : des trous d'\u00e9pingle, des pas de chien, des empreintes de soulier et de petites d\u00e9chirures se produit durant leurs embellissements et manipulation au fil du temps.","og_url":"https:\/\/stikkipeaches.com\/fr\/produit\/fugetaboutit-starwars-gq1\/","og_site_name":"Stikki Peaches Official","og_image":[{"width":1000,"height":1000,"url":"https:\/\/stikkipeaches.com\/wp-content\/uploads\/2026\/04\/Trooper1_Main.jpg","type":"image\/jpeg"}],"twitter_card":"summary_large_image","twitter_misc":{"Dur\u00e9e de lecture estim\u00e9e":"1 minute"},"schema":{"@context":"https:\/\/schema.org","@graph":[{"@type":"WebPage","@id":"https:\/\/stikkipeaches.com\/fr\/produit\/fugetaboutit-starwars-gq1\/","url":"https:\/\/stikkipeaches.com\/fr\/produit\/fugetaboutit-starwars-gq1\/","name":"Fugetaboutit StarWars GQ - Ed. 1\/4 - Stikki Peaches Official","isPartOf":{"@id":"https:\/\/stikkipeaches.com\/#website"},"primaryImageOfPage":{"@id":"https:\/\/stikkipeaches.com\/fr\/produit\/fugetaboutit-starwars-gq1\/#primaryimage"},"image":{"@id":"https:\/\/stikkipeaches.com\/fr\/produit\/fugetaboutit-starwars-gq1\/#primaryimage"},"thumbnailUrl":"https:\/\/stikkipeaches.com\/wp-content\/uploads\/2026\/04\/Trooper1_Main.jpg","datePublished":"2026-05-04T16:31:10+00:00","breadcrumb":{"@id":"https:\/\/stikkipeaches.com\/fr\/produit\/fugetaboutit-starwars-gq1\/#breadcrumb"},"inLanguage":"fr-FR","potentialAction":[{"@type":"ReadAction","target":["https:\/\/stikkipeaches.com\/fr\/produit\/fugetaboutit-starwars-gq1\/"]}]},{"@type":"ImageObject","inLanguage":"fr-FR","@id":"https:\/\/stikkipeaches.com\/fr\/produit\/fugetaboutit-starwars-gq1\/#primaryimage","url":"https:\/\/stikkipeaches.com\/wp-content\/uploads\/2026\/04\/Trooper1_Main.jpg","contentUrl":"https:\/\/stikkipeaches.com\/wp-content\/uploads\/2026\/04\/Trooper1_Main.jpg","width":1000,"height":1000},{"@type":"BreadcrumbList","@id":"https:\/\/stikkipeaches.com\/fr\/produit\/fugetaboutit-starwars-gq1\/#breadcrumb","itemListElement":[{"@type":"ListItem","position":1,"name":"Home","item":"https:\/\/stikkipeaches.com\/fr\/"},{"@type":"ListItem","position":2,"name":"Boutique","item":"https:\/\/stikkipeaches.com\/fr\/boutique\/"},{"@type":"ListItem","position":3,"name":"Fugetaboutit StarWars GQ &#8211; Ed. 1\/4"}]},{"@type":"WebSite","@id":"https:\/\/stikkipeaches.com\/#website","url":"https:\/\/stikkipeaches.com\/","name":"Stikki Peaches Official","description":"What If Art Ruled The World?","potentialAction":[{"@type":"SearchAction","target":{"@type":"EntryPoint","urlTemplate":"https:\/\/stikkipeaches.com\/?s={search_term_string}"},"query-input":{"@type":"PropertyValueSpecification","valueRequired":true,"valueName":"search_term_string"}}],"inLanguage":"fr-FR"}]}},"_links":{"self":[{"href":"https:\/\/stikkipeaches.com\/fr\/wp-json\/wp\/v2\/product\/9048","targetHints":{"allow":["GET"]}}],"collection":[{"href":"https:\/\/stikkipeaches.com\/fr\/wp-json\/wp\/v2\/product"}],"about":[{"href":"https:\/\/stikkipeaches.com\/fr\/wp-json\/wp\/v2\/types\/product"}],"replies":[{"embeddable":true,"href":"https:\/\/stikkipeaches.com\/fr\/wp-json\/wp\/v2\/comments?post=9048"}],"version-history":[{"count":1,"href":"https:\/\/stikkipeaches.com\/fr\/wp-json\/wp\/v2\/product\/9048\/revisions"}],"predecessor-version":[{"id":9050,"href":"https:\/\/stikkipeaches.com\/fr\/wp-json\/wp\/v2\/product\/9048\/revisions\/9050"}],"wp:featuredmedia":[{"embeddable":true,"href":"https:\/\/stikkipeaches.com\/fr\/wp-json\/wp\/v2\/media\/9095"}],"wp:attachment":[{"href":"https:\/\/stikkipeaches.com\/fr\/wp-json\/wp\/v2\/media?parent=9048"}],"wp:term":[{"taxonomy":"product_brand","embeddable":true,"href":"https:\/\/stikkipeaches.com\/fr\/wp-json\/wp\/v2\/product_brand?post=9048"},{"taxonomy":"product_cat","embeddable":true,"href":"https:\/\/stikkipeaches.com\/fr\/wp-json\/wp\/v2\/product_cat?post=9048"},{"taxonomy":"product_tag","embeddable":true,"href":"https:\/\/stikkipeaches.com\/fr\/wp-json\/wp\/v2\/product_tag?post=9048"}],"curies":[{"name":"wp","href":"https:\/\/api.w.org\/{rel}","templated":true}]}}